{"id":110571,"date":"2022-06-28T12:26:35","date_gmt":"2022-06-28T12:26:35","guid":{"rendered":"https:\/\/nucc.nl\/?page_id=110571"},"modified":"2023-10-18T14:27:27","modified_gmt":"2023-10-18T14:27:27","slug":"home","status":"publish","type":"page","link":"https:\/\/nucc.nl\/nl\/","title":{"rendered":"Home"},"content":{"rendered":"<section class=\"wpb-content-wrapper\"><p>[vc_row row_height_percent=&#8221;0&#8243; override_padding=&#8221;yes&#8221; h_padding=&#8221;2&#8243; top_padding=&#8221;4&#8243; bottom_padding=&#8221;4&#8243; overlay_alpha=&#8221;50&#8243; gutter_size=&#8221;3&#8243; column_width_percent=&#8221;100&#8243; shift_y=&#8221;0&#8243; z_index=&#8221;0&#8243; uncode_shortcode_id=&#8221;211645&#8243;][vc_column width=&#8221;1\/1&#8243;][vc_custom_heading uncode_shortcode_id=&#8221;183539&#8243;]Over NUCC[\/vc_custom_heading][vc_row_inner limit_content=&#8221;&#8221;][vc_column_inner width=&#8221;1\/2&#8243;][vc_column_text uncode_shortcode_id=&#8221;218906&#8243;]De stichting Netherlands-Ukrainian Chamber of Commerce (NUCC) is een bilaterale Nederlandse-Oekra\u00efense Kamer van Koophandel, opgericht om de handel tussen de twee landen te stimuleren.<br \/>\nOnze missie is het vergroten van de commerci\u00eble en culturele samenwerking, het verstrekken van informatie, het versterken van relaties en het behartigen van de belangen van onze leden. De NUCC biedt toegang tot een uitgebreid bilateraal netwerk van bestuurders, ondernemers en politici. Wij organiseren regelmatig activiteiten om onze leden te informeren en met elkaar in contact te brengen.[\/vc_column_text][\/vc_column_inner][vc_column_inner width=&#8221;1\/2&#8243;][vc_column_text uncode_shortcode_id=&#8221;170011&#8243;]De NUCC is een actieve leden organisatie voor zowel Nederlandse als Oekra\u00efense bedrijven. We organiseren seminars, handelsmissies, netwerkevenementen, geven marktupdates en verbinden organisaties actief met relevante partijen.<br \/>\nOok nu, in oorlogstijd, is het belangrijk dat de economie in Oekra\u00efne blijft draaien. De NUCC helpt bedrijven met het vinden van zakelijke kansen in Oekra\u00efne. Tevens zet de NUCC zich actief in voor deelname van Nederlandse bedrijven aan de wederopbouw van Oekra\u00efne.[\/vc_column_text][vc_button border_width=&#8221;0&#8243; link=&#8221;url:https%3A%2F%2Fnucc.nl%2Fnl%2Flid-worden%2F|title:Lid%20worden&#8221; uncode_shortcode_id=&#8221;839249&#8243;]Lid worden[\/vc_button][\/vc_column_inner][\/vc_row_inner][\/vc_column][\/vc_row][vc_row row_height_percent=&#8221;0&#8243; override_padding=&#8221;yes&#8221; h_padding=&#8221;2&#8243; top_padding=&#8221;0&#8243; bottom_padding=&#8221;2&#8243; overlay_alpha=&#8221;50&#8243; gutter_size=&#8221;3&#8243; column_width_percent=&#8221;100&#8243; shift_y=&#8221;0&#8243; z_index=&#8221;0&#8243; uncode_shortcode_id=&#8221;295602&#8243;][vc_column column_width_percent=&#8221;100&#8243; gutter_size=&#8221;2&#8243; overlay_alpha=&#8221;50&#8243; shift_x=&#8221;0&#8243; shift_y=&#8221;0&#8243; shift_y_down=&#8221;0&#8243; z_index=&#8221;0&#8243; medium_width=&#8221;0&#8243; mobile_width=&#8221;0&#8243; width=&#8221;1\/3&#8243; uncode_shortcode_id=&#8221;416317&#8243; link_to=&#8221;url:https%3A%2F%2Fnucc.nl%2Fevents%2F|title:Membership&#8221;][vc_single_image media=&#8221;111913&#8243; media_width_percent=&#8221;100&#8243; media_ratio=&#8221;three-two&#8221; advanced=&#8221;yes&#8221; media_overlay_opacity=&#8221;1&#8243; media_overlay_visible=&#8221;yes&#8221; media_padding=&#8221;2&#8243; uncode_shortcode_id=&#8221;863730&#8243; media_back_color_type=&#8221;uncode-palette&#8221; media_back_color_solid=&#8221;#ff0000&#8243; media_overlay_color_type=&#8221;uncode-palette&#8221; media_overlay_color_solid=&#8221;#ff0000&#8243;][vc_custom_heading heading_semantic=&#8221;h3&#8243; text_size=&#8221;h3&#8243; sub_reduced=&#8221;yes&#8221; uncode_shortcode_id=&#8221;127481&#8243; subheading=&#8221;De eerstvolgende staat gepland op 14 april 2024&#8243;]De NUCC organiseert jaarlijks een handelsmissie naar Oekra\u00efne[\/vc_custom_heading][\/vc_column][vc_column column_width_percent=&#8221;100&#8243; gutter_size=&#8221;2&#8243; overlay_alpha=&#8221;50&#8243; shift_x=&#8221;0&#8243; shift_y=&#8221;0&#8243; shift_y_down=&#8221;0&#8243; z_index=&#8221;0&#8243; medium_width=&#8221;0&#8243; mobile_width=&#8221;0&#8243; width=&#8221;1\/3&#8243; uncode_shortcode_id=&#8221;126500&#8243; link_to=&#8221;url:https%3A%2F%2Fnucc.nl%2Fnl%2Fzaken-doen%2Fwederopbouw-van-oekraine%2F|title:Rebuilding%20Ukraine&#8221;][vc_single_image media=&#8221;110758&#8243; media_width_percent=&#8221;100&#8243; media_ratio=&#8221;three-two&#8221; advanced=&#8221;yes&#8221; media_overlay_opacity=&#8221;1&#8243; media_overlay_visible=&#8221;yes&#8221; media_padding=&#8221;2&#8243; uncode_shortcode_id=&#8221;190696&#8243;][vc_custom_heading heading_semantic=&#8221;h3&#8243; text_size=&#8221;h3&#8243; sub_reduced=&#8221;yes&#8221; uncode_shortcode_id=&#8221;164404&#8243; subheading=&#8221;Hoe kan uw bedrijf deelnemen aan de wederopbouw van Oekra\u00efne?&#8221;]Wederopbouw van Oekra\u00efne[\/vc_custom_heading][\/vc_column][vc_column column_width_percent=&#8221;100&#8243; gutter_size=&#8221;2&#8243; overlay_alpha=&#8221;50&#8243; shift_x=&#8221;0&#8243; shift_y=&#8221;0&#8243; shift_y_down=&#8221;0&#8243; z_index=&#8221;0&#8243; medium_width=&#8221;0&#8243; mobile_width=&#8221;0&#8243; width=&#8221;1\/3&#8243; uncode_shortcode_id=&#8221;103764&#8243; link_to=&#8221;url:https%3A%2F%2Fnucc.nl%2Fnl%2Flidmaatschap%2F|title:Membership&#8221;][vc_single_image media=&#8221;110762&#8243; media_width_percent=&#8221;100&#8243; media_ratio=&#8221;three-two&#8221; advanced=&#8221;yes&#8221; media_overlay_opacity=&#8221;1&#8243; media_overlay_visible=&#8221;yes&#8221; media_padding=&#8221;2&#8243; uncode_shortcode_id=&#8221;452672&#8243;][vc_custom_heading heading_semantic=&#8221;h3&#8243; text_size=&#8221;h3&#8243; sub_reduced=&#8221;yes&#8221; uncode_shortcode_id=&#8221;109900&#8243; subheading=&#8221;10 redenen om lid te worden van NUCC&#8221;]NUCC[\/vc_custom_heading][\/vc_column][\/vc_row][vc_row row_height_percent=&#8221;0&#8243; override_padding=&#8221;yes&#8221; h_padding=&#8221;2&#8243; top_padding=&#8221;4&#8243; bottom_padding=&#8221;4&#8243; back_image=&#8221;110800&#8243; overlay_alpha=&#8221;50&#8243; gutter_size=&#8221;3&#8243; column_width_percent=&#8221;100&#8243; shift_y=&#8221;0&#8243; z_index=&#8221;0&#8243; uncode_shortcode_id=&#8221;581655&#8243;][vc_column width=&#8221;1\/1&#8243;][vc_row_inner limit_content=&#8221;&#8221;][vc_column_inner column_width_percent=&#8221;100&#8243; gutter_size=&#8221;3&#8243; style=&#8221;dark&#8221; overlay_alpha=&#8221;50&#8243; shift_x=&#8221;0&#8243; shift_y=&#8221;0&#8243; shift_y_down=&#8221;0&#8243; z_index=&#8221;0&#8243; medium_width=&#8221;0&#8243; mobile_width=&#8221;0&#8243; width=&#8221;1\/1&#8243; uncode_shortcode_id=&#8221;182598&#8243;][vc_custom_heading text_size=&#8221;h1&#8243; uncode_shortcode_id=&#8221;209492&#8243;]Hoe werk je mee aan de wederopbouw van Oekra\u00efne?<br \/>\nBekijk onze evenementenpagina om de aankomende bijeenkomsten te zien[\/vc_custom_heading][vc_button outline=&#8221;yes&#8221; border_width=&#8221;0&#8243; link=&#8221;url:https%3A%2F%2Fnucc.nl%2Fnl%2Fevenementen%2F|title:Evenementen&#8221; uncode_shortcode_id=&#8221;115039&#8243;]Lees verder[\/vc_button][\/vc_column_inner][\/vc_row_inner][\/vc_column][\/vc_row]<\/p>\n<\/section>","protected":false},"excerpt":{"rendered":"<p>[vc_row row_height_percent=&#8221;0&#8243; override_padding=&#8221;yes&#8221; h_padding=&#8221;2&#8243; top_padding=&#8221;4&#8243; bottom_padding=&#8221;4&#8243; overlay_alpha=&#8221;50&#8243; gutter_size=&#8221;3&#8243; column_width_percent=&#8221;100&#8243; shift_y=&#8221;0&#8243; z_index=&#8221;0&#8243; uncode_shortcode_id=&#8221;211645&#8243;][vc_column width=&#8221;1\/1&#8243;][vc_custom_heading uncode_shortcode_id=&#8221;183539&#8243;]Over NUCC[\/vc_custom_heading][vc_row_inner limit_content=&#8221;&#8221;][vc_column_inner width=&#8221;1\/2&#8243;][vc_column_text uncode_shortcode_id=&#8221;218906&#8243;]De stichting Netherlands-Ukrainian [&hellip;]<\/p>\n","protected":false},"author":1,"featured_media":0,"parent":0,"menu_order":0,"comment_status":"closed","ping_status":"closed","template":"","meta":{"footnotes":""},"class_list":["post-110571","page","type-page","status-publish","hentry"],"yoast_head":"<!-- This site is optimized with the Yoast SEO plugin v25.6 - https:\/\/yoast.com\/wordpress\/plugins\/seo\/ -->\n<title>Netherlands-Ukrainian Chamber of Commerce<\/title>\n<meta name=\"description\" content=\"The Netherlands-Ukrainian Chamber of Commerce (NUCC) is a bilateral Dutch-Ukrainian chamber, established to stimulate trade between the two countries.\" \/>\n<meta name=\"robots\" content=\"index, follow, max-snippet:-1, max-image-preview:large, max-video-preview:-1\" \/>\n<link rel=\"canonical\" href=\"https:\/\/nucc.nl\/nl\/\" \/>\n<meta property=\"og:locale\" content=\"nl_NL\" \/>\n<meta property=\"og:type\" content=\"article\" \/>\n<meta property=\"og:title\" content=\"Netherlands-Ukrainian Chamber of Commerce\" \/>\n<meta property=\"og:description\" content=\"The Netherlands-Ukrainian Chamber of Commerce (NUCC) is a bilateral Dutch-Ukrainian chamber, established to stimulate trade between the two countries.\" \/>\n<meta property=\"og:url\" content=\"https:\/\/nucc.nl\/nl\/\" \/>\n<meta property=\"og:site_name\" content=\"Netherlands-Ukrainian Chamber of Commerce\" \/>\n<meta property=\"article:modified_time\" content=\"2023-10-18T14:27:27+00:00\" \/>\n<meta name=\"twitter:card\" content=\"summary_large_image\" \/>\n<meta name=\"twitter:label1\" content=\"Geschatte leestijd\" \/>\n\t<meta name=\"twitter:data1\" content=\"2 minuten\" \/>\n<script type=\"application\/ld+json\" class=\"yoast-schema-graph\">{\"@context\":\"https:\/\/schema.org\",\"@graph\":[{\"@type\":\"WebPage\",\"@id\":\"https:\/\/nucc.nl\/nl\/\",\"url\":\"https:\/\/nucc.nl\/nl\/\",\"name\":\"Netherlands-Ukrainian Chamber of Commerce\",\"isPartOf\":{\"@id\":\"https:\/\/nucc.nl\/nl\/#website\"},\"datePublished\":\"2022-06-28T12:26:35+00:00\",\"dateModified\":\"2023-10-18T14:27:27+00:00\",\"description\":\"The Netherlands-Ukrainian Chamber of Commerce (NUCC) is a bilateral Dutch-Ukrainian chamber, established to stimulate trade between the two countries.\",\"breadcrumb\":{\"@id\":\"https:\/\/nucc.nl\/nl\/#breadcrumb\"},\"inLanguage\":\"nl-NL\",\"potentialAction\":[{\"@type\":\"ReadAction\",\"target\":[\"https:\/\/nucc.nl\/nl\/\"]}]},{\"@type\":\"BreadcrumbList\",\"@id\":\"https:\/\/nucc.nl\/nl\/#breadcrumb\",\"itemListElement\":[{\"@type\":\"ListItem\",\"position\":1,\"name\":\"Home\",\"item\":\"https:\/\/nucc.nl\/nl\/\"},{\"@type\":\"ListItem\",\"position\":2,\"name\":\"Home\"}]},{\"@type\":\"WebSite\",\"@id\":\"https:\/\/nucc.nl\/nl\/#website\",\"url\":\"https:\/\/nucc.nl\/nl\/\",\"name\":\"Netherlands-Ukrainian Chamber of Commerce\",\"description\":\"\",\"publisher\":{\"@id\":\"https:\/\/nucc.nl\/nl\/#organization\"},\"potentialAction\":[{\"@type\":\"SearchAction\",\"target\":{\"@type\":\"EntryPoint\",\"urlTemplate\":\"https:\/\/nucc.nl\/nl\/?s={search_term_string}\"},\"query-input\":{\"@type\":\"PropertyValueSpecification\",\"valueRequired\":true,\"valueName\":\"search_term_string\"}}],\"inLanguage\":\"nl-NL\"},{\"@type\":\"Organization\",\"@id\":\"https:\/\/nucc.nl\/nl\/#organization\",\"name\":\"Netherlands-Ukrainian COC\",\"url\":\"https:\/\/nucc.nl\/nl\/\",\"logo\":{\"@type\":\"ImageObject\",\"inLanguage\":\"nl-NL\",\"@id\":\"https:\/\/nucc.nl\/nl\/#\/schema\/logo\/image\/\",\"url\":\"https:\/\/nucc.nl\/wp-content\/uploads\/2022\/07\/landscape-nucc.jpg\",\"contentUrl\":\"https:\/\/nucc.nl\/wp-content\/uploads\/2022\/07\/landscape-nucc.jpg\",\"width\":1200,\"height\":800,\"caption\":\"Netherlands-Ukrainian COC\"},\"image\":{\"@id\":\"https:\/\/nucc.nl\/nl\/#\/schema\/logo\/image\/\"}}]}<\/script>\n<!-- \/ Yoast SEO plugin. -->","yoast_head_json":{"title":"Netherlands-Ukrainian Chamber of Commerce","description":"The Netherlands-Ukrainian Chamber of Commerce (NUCC) is a bilateral Dutch-Ukrainian chamber, established to stimulate trade between the two countries.","robots":{"index":"index","follow":"follow","max-snippet":"max-snippet:-1","max-image-preview":"max-image-preview:large","max-video-preview":"max-video-preview:-1"},"canonical":"https:\/\/nucc.nl\/nl\/","og_locale":"nl_NL","og_type":"article","og_title":"Netherlands-Ukrainian Chamber of Commerce","og_description":"The Netherlands-Ukrainian Chamber of Commerce (NUCC) is a bilateral Dutch-Ukrainian chamber, established to stimulate trade between the two countries.","og_url":"https:\/\/nucc.nl\/nl\/","og_site_name":"Netherlands-Ukrainian Chamber of Commerce","article_modified_time":"2023-10-18T14:27:27+00:00","twitter_card":"summary_large_image","twitter_misc":{"Geschatte leestijd":"2 minuten"},"schema":{"@context":"https:\/\/schema.org","@graph":[{"@type":"WebPage","@id":"https:\/\/nucc.nl\/nl\/","url":"https:\/\/nucc.nl\/nl\/","name":"Netherlands-Ukrainian Chamber of Commerce","isPartOf":{"@id":"https:\/\/nucc.nl\/nl\/#website"},"datePublished":"2022-06-28T12:26:35+00:00","dateModified":"2023-10-18T14:27:27+00:00","description":"The Netherlands-Ukrainian Chamber of Commerce (NUCC) is a bilateral Dutch-Ukrainian chamber, established to stimulate trade between the two countries.","breadcrumb":{"@id":"https:\/\/nucc.nl\/nl\/#breadcrumb"},"inLanguage":"nl-NL","potentialAction":[{"@type":"ReadAction","target":["https:\/\/nucc.nl\/nl\/"]}]},{"@type":"BreadcrumbList","@id":"https:\/\/nucc.nl\/nl\/#breadcrumb","itemListElement":[{"@type":"ListItem","position":1,"name":"Home","item":"https:\/\/nucc.nl\/nl\/"},{"@type":"ListItem","position":2,"name":"Home"}]},{"@type":"WebSite","@id":"https:\/\/nucc.nl\/nl\/#website","url":"https:\/\/nucc.nl\/nl\/","name":"Netherlands-Ukrainian Chamber of Commerce","description":"","publisher":{"@id":"https:\/\/nucc.nl\/nl\/#organization"},"potentialAction":[{"@type":"SearchAction","target":{"@type":"EntryPoint","urlTemplate":"https:\/\/nucc.nl\/nl\/?s={search_term_string}"},"query-input":{"@type":"PropertyValueSpecification","valueRequired":true,"valueName":"search_term_string"}}],"inLanguage":"nl-NL"},{"@type":"Organization","@id":"https:\/\/nucc.nl\/nl\/#organization","name":"Netherlands-Ukrainian COC","url":"https:\/\/nucc.nl\/nl\/","logo":{"@type":"ImageObject","inLanguage":"nl-NL","@id":"https:\/\/nucc.nl\/nl\/#\/schema\/logo\/image\/","url":"https:\/\/nucc.nl\/wp-content\/uploads\/2022\/07\/landscape-nucc.jpg","contentUrl":"https:\/\/nucc.nl\/wp-content\/uploads\/2022\/07\/landscape-nucc.jpg","width":1200,"height":800,"caption":"Netherlands-Ukrainian COC"},"image":{"@id":"https:\/\/nucc.nl\/nl\/#\/schema\/logo\/image\/"}}]}},"_links":{"self":[{"href":"https:\/\/nucc.nl\/nl\/wp-json\/wp\/v2\/pages\/110571","targetHints":{"allow":["GET"]}}],"collection":[{"href":"https:\/\/nucc.nl\/nl\/wp-json\/wp\/v2\/pages"}],"about":[{"href":"https:\/\/nucc.nl\/nl\/wp-json\/wp\/v2\/types\/page"}],"author":[{"embeddable":true,"href":"https:\/\/nucc.nl\/nl\/wp-json\/wp\/v2\/users\/1"}],"replies":[{"embeddable":true,"href":"https:\/\/nucc.nl\/nl\/wp-json\/wp\/v2\/comments?post=110571"}],"version-history":[{"count":43,"href":"https:\/\/nucc.nl\/nl\/wp-json\/wp\/v2\/pages\/110571\/revisions"}],"predecessor-version":[{"id":111916,"href":"https:\/\/nucc.nl\/nl\/wp-json\/wp\/v2\/pages\/110571\/revisions\/111916"}],"wp:attachment":[{"href":"https:\/\/nucc.nl\/nl\/wp-json\/wp\/v2\/media?parent=110571"}],"curies":[{"name":"wp","href":"https:\/\/api.w.org\/{rel}","templated":true}]}}